{"id":92,"date":"2015-07-02T06:52:44","date_gmt":"2015-07-02T06:52:44","guid":{"rendered":"http:\/\/test.servicentroejecutivo.com\/wp\/?page_id=92"},"modified":"2020-05-13T10:48:26","modified_gmt":"2020-05-13T16:48:26","slug":"aloha-qs","status":"publish","type":"page","link":"https:\/\/servicentroejecutivo.com\/index.php\/aloha-qs\/","title":{"rendered":"Aloha Quick Service"},"content":{"rendered":"<p><a href=\"http:\/\/test.servicentroejecutivo.com\/wp\/wp-content\/uploads\/2015\/07\/Chica-Sonriendo-QS.png\"><img decoding=\"async\" loading=\"lazy\" class=\"size-full wp-image-175 alignright\" src=\"http:\/\/test.servicentroejecutivo.com\/wp\/wp-content\/uploads\/2015\/07\/Chica-Sonriendo-QS.png\" alt=\"Chica Sonriendo QS\" width=\"270\" height=\"486\" srcset=\"https:\/\/servicentroejecutivo.com\/wp-content\/uploads\/2015\/07\/Chica-Sonriendo-QS.png 270w, https:\/\/servicentroejecutivo.com\/wp-content\/uploads\/2015\/07\/Chica-Sonriendo-QS-167x300.png 167w\" sizes=\"(max-width: 270px) 100vw, 270px\" \/><\/a>Punto de venta NCR Aloha Quick Service<\/p>\n<p><strong>Mejore el servicio y las ventas de su restaurante<\/strong><\/p>\n<p>La clientela de su restaurante depende de que le brinde un servicio r\u00e1pido, cordial y uniforme, cada vez que lo eligen. Es por eso que resulta importante crear el marco para el \u00e9xito mediante la tecnolog\u00eda de punto de venta (point-of-sale, POS), que cumple la promesa de su marca. Conf\u00ede en Aloha Quick Service, que lo ayudar\u00e1 a aumentar las ventas, a ofrecer un servicio excepcional y a maximizar el control de las operaciones cr\u00edticas. Sus beneficios incluyen:<\/p>\n<p>Las herramientas necesarias para impulsar las ventas La sencilla interfaz gr\u00e1fica del sistema impulsa la producci\u00f3n y acelera el ritmo del servicio. Adem\u00e1s, ayuda a aumentar el tama\u00f1o promedio de la cuenta, ya que ofrece sugerencias para incrementar las ventas y realizar ventas cruzadas.<\/p>\n<p>\u00a0<\/p>\n<p><!--more--><\/p>\n<ul>\n<li style=\"list-style-type: none;\">\n<ul>\n<li style=\"text-align: justify;\">Las herramientas necesarias para impulsar las ventas La sencilla interfaz gr\u00e1fica del sistema impulsa la producci\u00f3n y acelera el ritmo del servicio. Adem\u00e1s, ayuda a aumentar el tama\u00f1o promedio de la cuenta, ya que ofrece sugerencias para incrementar las ventas y realizar ventas cruzadas.<\/li>\n<\/ul>\n<\/li>\n<\/ul>\n<ul>\n<li style=\"list-style-type: none;\">\n<ul>\n<li style=\"text-align: justify;\">Menos operaciones, en pos de un servicio m\u00e1s r\u00e1pido Con Aloha Quick Service, se necesitan menos operaciones para modificar art\u00edculos, lo que permite terminar los pedidos m\u00e1s r\u00e1pido. Los cajeros tambi\u00e9n pueden alternar din\u00e1micamente entre art\u00edculos a la carta o combos, lo que facilita la satisfacci\u00f3n de diversas solicitudes.<\/li>\n<\/ul>\n<\/li>\n<\/ul>\n<ul>\n<li style=\"list-style-type: none;\">\n<ul>\n<li style=\"text-align: justify;\">Datos para mejorar el control operativo Adquiera la informaci\u00f3n necesaria para tomar decisiones r\u00e1pidas, reducir los desperdicios y comprender el comportamiento de los clientes. Aloha Quick Service ofrece criterios de medici\u00f3n fundamentales, que incluyen conteos r\u00e1pidos de inventario, costos de mano de obra y ventas por categor\u00eda y nivel de producto. \u2022 Funcionalidad intuitiva, para aumentar la precisi\u00f3n Aloha Quick Service hace m\u00e1s din\u00e1mico el ingreso de pedidos. El sistema POS tambi\u00e9n ofrece sustituciones intuitivas de art\u00edculos de combos, lo que reduce los errores.<\/li>\n<\/ul>\n<\/li>\n<\/ul>\n<ul>\n<li style=\"list-style-type: none;\">\n<ul>\n<li style=\"text-align: justify;\">Pantalla interactiva para el cliente, que optimiza el servicio Lleve los pedidos y los pagos a una nueva dimensi\u00f3n mediante una pantalla interactiva para el cliente. La pantalla le muestra el pedido al cliente a medida que se ingresa, lo que aumenta la precisi\u00f3n mientras se recomiendan art\u00edculos relacionados para la venta.<\/li>\n<\/ul>\n<\/li>\n<\/ul>\n<ul>\n<li style=\"list-style-type: none;\">\n<ul>\n<li style=\"text-align: justify;\">Programas innovadores, para optimizar la satisfacci\u00f3n de los clientes Utilice tarjetas de regalo y programas de fidelizaci\u00f3n, a fin de recompensar a los clientes de alto valor con descuentos, vales personalizados y art\u00edculos gratis. Adem\u00e1s, puede reunir datos sobre la experiencia de los clientes mediante encuestas impresas al momento de la venta.<\/li>\n<\/ul>\n<\/li>\n<\/ul>\n<ul>\n<li style=\"list-style-type: none;\">\n<ul>\n<li style=\"text-align: justify;\">Capacitaci\u00f3n din\u00e1mica para un rendimiento superior Los POS NCR Aloha Quick Service ofrecen un entorno de pr\u00e1ctica en tiempo real, que aumenta la eficacia de la capacitaci\u00f3n. El personal puede capacitar a los cajeros r\u00e1pidamente sobre la funcionalidad del sistema, lo que permite que los empleados nuevos agreguen valor de forma inmediata.<\/li>\n<\/ul>\n<\/li>\n<\/ul>\n<p><strong>Caracter\u00edsticas principales<img decoding=\"async\" loading=\"lazy\" class=\"alignright size-full wp-image-177\" src=\"http:\/\/test.servicentroejecutivo.com\/wp\/wp-content\/uploads\/2015\/07\/Aloha-QS-image.png\" alt=\"Aloha QS image\" width=\"356\" height=\"395\" srcset=\"https:\/\/servicentroejecutivo.com\/wp-content\/uploads\/2015\/07\/Aloha-QS-image.png 356w, https:\/\/servicentroejecutivo.com\/wp-content\/uploads\/2015\/07\/Aloha-QS-image-270x300.png 270w\" sizes=\"(max-width: 356px) 100vw, 356px\" \/> <\/strong><\/p>\n<ul>\n<li style=\"text-align: justify;\">Una potente interfaz de usuario gr\u00e1fica, con men\u00fas configurables, ingreso de pedidos orientativos y ayuda para combos.<\/li>\n<li style=\"text-align: justify;\">Procesamiento de tarjetas de cr\u00e9dito integrado para los principales procesadores de pago, que utilizan varias infraestructuras de comunicaciones.<\/li>\n<li style=\"text-align: justify;\">Informes exhaustivos, que incluyen ventas, ventas por categor\u00eda, variedad de productos, preparaci\u00f3n de inventarios de art\u00edculos y costos de mano de obra como porcentaje de las ventas.<\/li>\n<li style=\"text-align: justify;\">R\u00e1pido conteo de inventario, con un seguimiento actualizado de los art\u00edculos del inventario basado en las ventas.<\/li>\n<li style=\"text-align: justify;\">Doble caja de efectivo, que permite que dos cajeros compartan la misma terminal POS<\/li>\n<\/ul>\n<p>\u00a0<\/p>\n<p><a href=\"http:\/\/servicentroejecutivo.com\/wp-content\/uploads\/2015\/08\/aloha-quick-service-las-ds.pdf\" target=\"_blank\" rel=\"noopener noreferrer\">Descargar Documento<\/a><\/p>\n<p>\u00a0<\/p>\n<h3><strong>Mira el Demo del Producto:<\/strong><\/h3>\n<p><iframe loading=\"lazy\" src=\"https:\/\/www.youtube.com\/embed\/1kpIFu-kCJo?rel=0\" width=\"854\" height=\"480\" frameborder=\"0\" allowfullscreen=\"allowfullscreen\" data-mce-fragment=\"1\"><\/iframe><\/p>\n","protected":false},"excerpt":{"rendered":"<p>Punto de venta NCR Aloha Quick Service Mejore el servicio y las ventas de su restaurante La clientela de su restaurante depende de que le brinde un servicio r\u00e1pido, cordial y uniforme, cada vez que lo eligen. Es por eso que resulta importante crear el marco para el \u00e9xito mediante la tecnolog\u00eda de punto de <a class=\"more-link\" href=\"https:\/\/servicentroejecutivo.com\/index.php\/aloha-qs\/\">Read More &#8230;<\/a><\/p>\n","protected":false},"author":1,"featured_media":0,"parent":0,"menu_order":0,"comment_status":"closed","ping_status":"open","template":"","meta":[],"_links":{"self":[{"href":"https:\/\/servicentroejecutivo.com\/index.php\/wp-json\/wp\/v2\/pages\/92"}],"collection":[{"href":"https:\/\/servicentroejecutivo.com\/index.php\/wp-json\/wp\/v2\/pages"}],"about":[{"href":"https:\/\/servicentroejecutivo.com\/index.php\/wp-json\/wp\/v2\/types\/page"}],"author":[{"embeddable":true,"href":"https:\/\/servicentroejecutivo.com\/index.php\/wp-json\/wp\/v2\/users\/1"}],"replies":[{"embeddable":true,"href":"https:\/\/servicentroejecutivo.com\/index.php\/wp-json\/wp\/v2\/comments?post=92"}],"version-history":[{"count":14,"href":"https:\/\/servicentroejecutivo.com\/index.php\/wp-json\/wp\/v2\/pages\/92\/revisions"}],"predecessor-version":[{"id":518,"href":"https:\/\/servicentroejecutivo.com\/index.php\/wp-json\/wp\/v2\/pages\/92\/revisions\/518"}],"wp:attachment":[{"href":"https:\/\/servicentroejecutivo.com\/index.php\/wp-json\/wp\/v2\/media?parent=92"}],"curies":[{"name":"wp","href":"https:\/\/api.w.org\/{rel}","templated":true}]}}