{"id":247,"date":"2015-08-06T05:24:37","date_gmt":"2015-08-06T05:24:37","guid":{"rendered":"http:\/\/servicentroejecutivo.com\/?page_id=247"},"modified":"2020-05-13T10:57:04","modified_gmt":"2020-05-13T16:57:04","slug":"ncr-back-office","status":"publish","type":"page","link":"https:\/\/servicentroejecutivo.com\/index.php\/ncr-back-office\/","title":{"rendered":"NCR Back Office"},"content":{"rendered":"<p style=\"text-align: justify;\">\n<p style=\"text-align: justify;\">NCR Aloha POS\u0099 ofrece una soluci\u00f3n completa para las operaciones que constituyen el back office.<\/p>\n<p style=\"text-align: justify;\"><a href=\"http:\/\/servicentroejecutivo.com\/wp-content\/uploads\/2015\/08\/Menu-Link-3.png\"><img decoding=\"async\" loading=\"lazy\" class=\"size-full wp-image-248 aligncenter\" src=\"http:\/\/servicentroejecutivo.com\/wp-content\/uploads\/2015\/08\/Menu-Link-3.png\" alt=\"Menu Link 3\" width=\"746\" height=\"418\" srcset=\"https:\/\/servicentroejecutivo.com\/wp-content\/uploads\/2015\/08\/Menu-Link-3.png 746w, https:\/\/servicentroejecutivo.com\/wp-content\/uploads\/2015\/08\/Menu-Link-3-300x168.png 300w, https:\/\/servicentroejecutivo.com\/wp-content\/uploads\/2015\/08\/Menu-Link-3-500x280.png 500w, https:\/\/servicentroejecutivo.com\/wp-content\/uploads\/2015\/08\/Menu-Link-3-350x197.png 350w\" sizes=\"(max-width: 746px) 100vw, 746px\" \/><\/a><\/p>\n<ul>\n<li style=\"text-align: justify;\">Control de costos.<\/li>\n<li style=\"text-align: justify;\">Manejo de horarios<\/li>\n<li style=\"text-align: justify;\">Alertas de problemas potenciales<\/li>\n<\/ul>\n<p style=\"text-align: justify;\">La soluci\u00f3n back office de NCR Aloha le proporciona las herramientas necesarias para medir el desempe\u00f1o de su restaurante, bar o cafeter\u00eda, incluso en tiempo real, lo que le permitir\u00e1 tomar decisiones de manera r\u00e1pida y eficiente.<\/p>\n<p>Con los bloques que integran la soluci\u00f3n completa: Aloha Insight, MenuLink Labor Management y MenuLink Inventory Management usted podr\u00e1 asegurar que tiene el control de su empresa en todos los aspectos. Y si usted quiere ir un paso m\u00e1s all\u00e1, tambi\u00e9n puede mantener el control desde su smartphone con Aloha Pulse e incluso servirse de aplicaciones como Guest Pad para acomodar a sus invitados. Algunas caracter\u00edsticas de la soluci\u00f3n back office de NCR Aloha\u0099.<\/p>\n<p style=\"text-align: left;\">Reduzca la merma al m\u00ednimo conociendo las tendencias y comportamientos del d\u00eda a d\u00eda,<img decoding=\"async\" loading=\"lazy\" class=\"wp-image-249 alignright\" src=\"http:\/\/servicentroejecutivo.com\/wp-content\/uploads\/2015\/08\/Menu-Link2.png\" alt=\"Menu Link2\" width=\"385\" height=\"405\" srcset=\"https:\/\/servicentroejecutivo.com\/wp-content\/uploads\/2015\/08\/Menu-Link2.png 439w, https:\/\/servicentroejecutivo.com\/wp-content\/uploads\/2015\/08\/Menu-Link2-286x300.png 286w\" sizes=\"(max-width: 385px) 100vw, 385px\" \/> controle a su personal generando horarios e integrando con sus sistemas de n\u00f3mina existentes, conecte su oficina a la web centralizando sus bases de datos y a la nube para tener el control desde cualquer parte, incluso desde su smartphone.<\/p>\n<p>La soluci\u00f3n completa de Back Office es su mejor opci\u00f3n para controlar su restaurante y lo mejor de todo es que puede adquirir solamente los m\u00f3dulos que necesita.<\/p>\n","protected":false},"excerpt":{"rendered":"<p>NCR Aloha POS\u0099 ofrece una soluci\u00f3n completa para las operaciones que constituyen el back office. Control de costos. Manejo de horarios Alertas de problemas potenciales La soluci\u00f3n back office de NCR Aloha le proporciona las herramientas necesarias para medir el desempe\u00f1o de su restaurante, bar o cafeter\u00eda, incluso en tiempo real, lo que le permitir\u00e1 <a class=\"more-link\" href=\"https:\/\/servicentroejecutivo.com\/index.php\/ncr-back-office\/\">Read More &#8230;<\/a><\/p>\n","protected":false},"author":1,"featured_media":0,"parent":0,"menu_order":0,"comment_status":"closed","ping_status":"open","template":"","meta":[],"_links":{"self":[{"href":"https:\/\/servicentroejecutivo.com\/index.php\/wp-json\/wp\/v2\/pages\/247"}],"collection":[{"href":"https:\/\/servicentroejecutivo.com\/index.php\/wp-json\/wp\/v2\/pages"}],"about":[{"href":"https:\/\/servicentroejecutivo.com\/index.php\/wp-json\/wp\/v2\/types\/page"}],"author":[{"embeddable":true,"href":"https:\/\/servicentroejecutivo.com\/index.php\/wp-json\/wp\/v2\/users\/1"}],"replies":[{"embeddable":true,"href":"https:\/\/servicentroejecutivo.com\/index.php\/wp-json\/wp\/v2\/comments?post=247"}],"version-history":[{"count":6,"href":"https:\/\/servicentroejecutivo.com\/index.php\/wp-json\/wp\/v2\/pages\/247\/revisions"}],"predecessor-version":[{"id":533,"href":"https:\/\/servicentroejecutivo.com\/index.php\/wp-json\/wp\/v2\/pages\/247\/revisions\/533"}],"wp:attachment":[{"href":"https:\/\/servicentroejecutivo.com\/index.php\/wp-json\/wp\/v2\/media?parent=247"}],"curies":[{"name":"wp","href":"https:\/\/api.w.org\/{rel}","templated":true}]}}